{"id":555,"date":"2024-08-20T21:19:01","date_gmt":"2024-08-21T00:19:01","guid":{"rendered":"https:\/\/fhupiloto.unse.edu.ar\/?page_id=555"},"modified":"2024-09-16T10:47:22","modified_gmt":"2024-09-16T13:47:22","slug":"historia","status":"publish","type":"page","link":"https:\/\/revistacifra.fhu.unse.edu.ar\/index.php\/historia\/","title":{"rendered":"Historia"},"content":{"rendered":"\t\t<div data-elementor-type=\"wp-page\" data-elementor-id=\"555\" class=\"elementor elementor-555\" data-elementor-post-type=\"page\">\n\t\t\t\t\t\t<section class=\"elementor-section elementor-top-section elementor-element elementor-element-94c5aa7 elementor-section-boxed elementor-section-height-default elementor-section-height-default wpr-particle-no wpr-jarallax-no wpr-parallax-no wpr-sticky-section-no\" data-id=\"94c5aa7\" data-element_type=\"section\">\n\t\t\t\t\t\t<div class=\"elementor-container elementor-column-gap-default\">\n\t\t\t\t\t<div class=\"elementor-column elementor-col-100 elementor-top-column elementor-element elementor-element-c2386a8\" data-id=\"c2386a8\" data-element_type=\"column\">\n\t\t\t<div class=\"elementor-widget-wrap elementor-element-populated\">\n\t\t\t\t\t\t<div class=\"elementor-element elementor-element-e343513 elementor-widget elementor-widget-spacer\" data-id=\"e343513\" data-element_type=\"widget\" data-widget_type=\"spacer.default\">\n\t\t\t\t<div class=\"elementor-widget-container\">\n\t\t\t<style>\/*! elementor - v3.23.0 - 05-08-2024 *\/\n.elementor-column .elementor-spacer-inner{height:var(--spacer-size)}.e-con{--container-widget-width:100%}.e-con-inner>.elementor-widget-spacer,.e-con>.elementor-widget-spacer{width:var(--container-widget-width,var(--spacer-size));--align-self:var(--container-widget-align-self,initial);--flex-shrink:0}.e-con-inner>.elementor-widget-spacer>.elementor-widget-container,.e-con>.elementor-widget-spacer>.elementor-widget-container{height:100%;width:100%}.e-con-inner>.elementor-widget-spacer>.elementor-widget-container>.elementor-spacer,.e-con>.elementor-widget-spacer>.elementor-widget-container>.elementor-spacer{height:100%}.e-con-inner>.elementor-widget-spacer>.elementor-widget-container>.elementor-spacer>.elementor-spacer-inner,.e-con>.elementor-widget-spacer>.elementor-widget-container>.elementor-spacer>.elementor-spacer-inner{height:var(--container-widget-height,var(--spacer-size))}.e-con-inner>.elementor-widget-spacer.elementor-widget-empty,.e-con>.elementor-widget-spacer.elementor-widget-empty{position:relative;min-height:22px;min-width:22px}.e-con-inner>.elementor-widget-spacer.elementor-widget-empty .elementor-widget-empty-icon,.e-con>.elementor-widget-spacer.elementor-widget-empty .elementor-widget-empty-icon{position:absolute;top:0;bottom:0;left:0;right:0;margin:auto;padding:0;width:22px;height:22px}<\/style>\t\t<div class=\"elementor-spacer\">\n\t\t\t<div class=\"elementor-spacer-inner\"><\/div>\n\t\t<\/div>\n\t\t\t\t<\/div>\n\t\t\t\t<\/div>\n\t\t\t\t<div class=\"elementor-element elementor-element-97cb236 elementor-widget__width-initial elementor-widget elementor-widget-elementskit-heading\" data-id=\"97cb236\" data-element_type=\"widget\" data-widget_type=\"elementskit-heading.default\">\n\t\t\t\t<div class=\"elementor-widget-container\">\n\t\t\t<div class=\"ekit-wid-con\" ><div class=\"ekit-heading elementskit-section-title-wraper text_left   ekit_heading_tablet-   ekit_heading_mobile-\"><h1 class=\"ekit-heading--title elementskit-section-title \">Rese\u00f1a hist\u00f3rica<\/h1><div class=\"ekit_heading_separetor_wraper ekit_heading_elementskit-border-divider\"><div class=\"elementskit-border-divider\"><\/div><\/div>\t\t\t\t<div class='ekit-heading__description'>\n\t\t\t\t\t<h5><b>Cifra digital. Tercera \u00e9poca.<\/b><\/h5>\n<h6>\u00a0<\/h6>\n<p><span style=\"font-weight: 400\">Cifra, la revista cient\u00edfico-acad\u00e9mica de la Facultad de Humanidades, Ciencias Sociales y de la Salud de la UNSE, tiene una larga historia, casi tan prolongada como la de la Facultad.<\/span><\/p>\n<p>Despu\u00e9s de las dos primeras \u00e9pocas de la revista, entre 1991 y 1996, y luego entre 2005 y 2013, este tercer per\u00edodo sobreviene en un tiempo en el que la circulaci\u00f3n electr\u00f3nica de la informaci\u00f3n revela, cada vez m\u00e1s, ventajas que conviene explotar: en consecuencia, la Cifra impresa dar\u00e1 paso, en esta tercera \u00e9poca, a una nueva versi\u00f3n en formato digital.<\/p>\n<p>Con Cifra digital, la Facultad de Humanidades, Ciencias Sociales y de la Salud recupera un medio propio de comunicaci\u00f3n, capaz de articular, sin desfases, las tres instancias del proceso de producci\u00f3n del conocimiento cient\u00edfico: investigaci\u00f3n \u2013 publicaci\u00f3n \u2013 difusi\u00f3n, para ofrecerlo a sus docentes e investigadores, tanto como a cient\u00edficos del resto del pa\u00eds y del extranjero.<\/p>\n<h6>\u00a0<\/h6>\n<h5><b>Origen del nombre<\/b><\/h5>\n<h6><span style=\"font-size: 6px\">\u00a0 \u00a0<\/span><\/h6>\n<p><span style=\"font-weight: 400\">Cuenta Antonio Enrique Kinen que, en los a\u00f1os iniciales de la Facultad, la que por entonces se llamaba Facultad de Humanidades, durante el per\u00edodo de su primer Decano, Carlos Virgilio Zurita, entre los a\u00f1os 1986 y 1989, varios docentes de la Facultad en encuentros amistosos mencionaban la conveniencia de que la Instituci\u00f3n contara con una revista que permitiera que los docentes publicaran sus escritos y posibilitara una vinculaci\u00f3n con otros centros acad\u00e9micos y con la comunidad toda. En esos encuentros participaban Carlos Zurita, Jos\u00e9 Andr\u00e9s Rivas, Antonio Kinen, Alberto Tasso y Jos\u00e9 Togo.<\/span><\/p>\n<p>Se planteaba la cuesti\u00f3n del nombre que deb\u00eda llevar la publicaci\u00f3n; se barajaron muchos t\u00e9rminos sin que ninguno de ellos terminara de convencer.<\/p>\n<p>Pasado muy poco tiempo, siendo ya decano el propio Kinen, fue \u00e9l quien \u201cencontr\u00f3\u201d el nombre de la revista en un p\u00e1rrafo de Heidegger: \u201cun signo indescifrado somos\u201d. La palabra \u201ccifra\u201d que all\u00ed estaba supuesta pod\u00eda ser el nombre buscado. Somos cifra -justifica Kinen-, no en el simple sentido de una clave para entender un texto esot\u00e9rico sino en el de ser quienes no podemos, en tanto seres hist\u00f3ricos, estar plena y transparentemente presentes a nosotros mismos. Somos historia en sus tres dimensiones: pasado, presente y futuro. No somos un signo indescifrable, lo cual nos arrojar\u00eda en el misticismo y la irracionalidad. Somos un signo indescifrado que nos demanda el esfuerzo por conocer, por investigar y por obrar. Desde Galileo concebimos al mundo como algo que puede ser le\u00eddo; pero esa lectura no es f\u00e1cil. Finalmente, todos coincidieron en que ese t\u00e9rmino era el adecuado.<\/p>\n<p>Jos\u00e9 Andr\u00e9s Rivas tuvo la responsabilidad de ser el primer Coordinador y organizador de la publicaci\u00f3n. Cuando la Facultad de Humanidades pas\u00f3 a denominarse Facultad de Humanidades, Ciencias Sociales y de la Salud, Cifra sigui\u00f3 siendo la denominaci\u00f3n de su revista.<\/p>\n<p>Cifra est\u00e1 incluida en el directorio del sistema regional de informaci\u00f3n en l\u00ednea como revista impresa de divulgaci\u00f3n cient\u00edfica y cultural de Am\u00e9rica Latina, el Caribe, Espa\u00f1a y Portugal (LATINDEX).<\/p>\n\t\t\t\t<\/div>\n\t\t\t<\/div><\/div>\t\t<\/div>\n\t\t\t\t<\/div>\n\t\t\t\t\t<\/div>\n\t\t<\/div>\n\t\t\t\t\t<\/div>\n\t\t<\/section>\n\t\t\t\t<\/div>\n\t\t","protected":false},"excerpt":{"rendered":"<p>Rese\u00f1a hist\u00f3rica Cifra digital. Tercera \u00e9poca. \u00a0 Cifra, la revista cient\u00edfico-acad\u00e9mica de la Facultad de Humanidades, Ciencias Sociales y de la Salud de la UNSE, tiene una larga historia, casi tan prolongada como la de la Facultad. Despu\u00e9s de las dos primeras \u00e9pocas de la revista, entre 1991 y 1996, y luego entre 2005 y 2013, este tercer per\u00edodo sobreviene en un tiempo en el que la circulaci\u00f3n electr\u00f3nica de la informaci\u00f3n revela, cada vez m\u00e1s, ventajas que conviene explotar: en consecuencia, la Cifra impresa dar\u00e1 paso, en esta tercera \u00e9poca, a una nueva versi\u00f3n en formato digital. Con Cifra digital, la Facultad de Humanidades, Ciencias Sociales y de la Salud recupera un medio propio de comunicaci\u00f3n, capaz de articular, sin desfases, las tres instancias del proceso de producci\u00f3n del conocimiento cient\u00edfico: investigaci\u00f3n \u2013 publicaci\u00f3n \u2013 difusi\u00f3n, para ofrecerlo a sus docentes e investigadores, tanto como a cient\u00edficos del resto del pa\u00eds y del extranjero. \u00a0 Origen del nombre \u00a0 \u00a0 Cuenta Antonio Enrique Kinen que, en los a\u00f1os iniciales de la Facultad, la que por entonces se llamaba Facultad de Humanidades, durante el per\u00edodo de su primer Decano, Carlos Virgilio Zurita, entre los a\u00f1os 1986 y 1989, varios docentes de la Facultad en encuentros amistosos mencionaban la conveniencia de que la Instituci\u00f3n contara con una revista que permitiera que los docentes publicaran sus escritos y posibilitara una vinculaci\u00f3n con otros centros acad\u00e9micos y con la comunidad toda. En esos encuentros participaban Carlos Zurita, Jos\u00e9 Andr\u00e9s Rivas, Antonio Kinen, Alberto Tasso y Jos\u00e9 Togo. Se planteaba la cuesti\u00f3n del nombre que deb\u00eda llevar la publicaci\u00f3n; se barajaron muchos t\u00e9rminos sin que ninguno de ellos terminara de convencer. Pasado muy poco tiempo, siendo ya decano el propio Kinen, fue \u00e9l quien \u201cencontr\u00f3\u201d el nombre de la revista en un p\u00e1rrafo de Heidegger: \u201cun signo indescifrado somos\u201d. La palabra \u201ccifra\u201d que all\u00ed estaba supuesta pod\u00eda ser el nombre buscado. Somos cifra -justifica Kinen-, no en el simple sentido de una clave para entender un texto esot\u00e9rico sino en el de ser quienes no podemos, en tanto seres hist\u00f3ricos, estar plena y transparentemente presentes a nosotros mismos. Somos historia en sus tres dimensiones: pasado, presente y futuro. No somos un signo indescifrable, lo cual nos arrojar\u00eda en el misticismo y la irracionalidad. Somos un signo indescifrado que nos demanda el esfuerzo por conocer, por investigar y por obrar. Desde Galileo concebimos al mundo como algo que puede ser le\u00eddo; pero esa lectura no es f\u00e1cil. Finalmente, todos coincidieron en que ese t\u00e9rmino era el adecuado. Jos\u00e9 Andr\u00e9s Rivas tuvo la responsabilidad de ser el primer Coordinador y organizador de la publicaci\u00f3n. Cuando la Facultad de Humanidades pas\u00f3 a denominarse Facultad de Humanidades, Ciencias Sociales y de la Salud, Cifra sigui\u00f3 siendo la denominaci\u00f3n de su revista. Cifra est\u00e1 incluida en el directorio del sistema regional de informaci\u00f3n en l\u00ednea como revista impresa de divulgaci\u00f3n cient\u00edfica y cultural de Am\u00e9rica Latina, el Caribe, Espa\u00f1a y Portugal (LATINDEX).<\/p>\n","protected":false},"author":3,"featured_media":0,"parent":0,"menu_order":0,"comment_status":"closed","ping_status":"closed","template":"elementor_header_footer","meta":{"_eb_attr":"","site-sidebar-layout":"no-sidebar","site-content-layout":"page-builder","ast-site-content-layout":"full-width-container","site-content-style":"default","site-sidebar-style":"default","ast-global-header-display":"","ast-banner-title-visibility":"","ast-main-header-display":"","ast-hfb-above-header-display":"","ast-hfb-below-header-display":"","ast-hfb-mobile-header-display":"","site-post-title":"disabled","ast-breadcrumbs-content":"","ast-featured-img":"disabled","footer-sml-layout":"","theme-transparent-header-meta":"","adv-header-id-meta":"","stick-header-meta":"","header-above-stick-meta":"","header-main-stick-meta":"","header-below-stick-meta":"","astra-migrate-meta-layouts":"set","ast-page-background-enabled":"default","ast-page-background-meta":{"desktop":{"background-color":"var(--ast-global-color-4)","background-image":"","background-repeat":"repeat","background-position":"center center","background-size":"auto","background-attachment":"scroll","background-type":"","background-media":"","overlay-type":"","overlay-color":"","overlay-opacity":"","overlay-gradient":""},"tablet":{"background-color":"","background-image":"","background-repeat":"repeat","background-position":"center center","background-size":"auto","background-attachment":"scroll","background-type":"","background-media":"","overlay-type":"","overlay-color":"","overlay-opacity":"","overlay-gradient":""},"mobile":{"background-color":"","background-image":"","background-repeat":"repeat","background-position":"center center","background-size":"auto","background-attachment":"scroll","background-type":"","background-media":"","overlay-type":"","overlay-color":"","overlay-opacity":"","overlay-gradient":""}},"ast-content-background-meta":{"desktop":{"background-color":"var(--ast-global-color-5)","background-image":"","background-repeat":"repeat","background-position":"center center","background-size":"auto","background-attachment":"scroll","background-type":"","background-media":"","overlay-type":"","overlay-color":"","overlay-opacity":"","overlay-gradient":""},"tablet":{"background-color":"var(--ast-global-color-5)","background-image":"","background-repeat":"repeat","background-position":"center center","background-size":"auto","background-attachment":"scroll","background-type":"","background-media":"","overlay-type":"","overlay-color":"","overlay-opacity":"","overlay-gradient":""},"mobile":{"background-color":"var(--ast-global-color-5)","background-image":"","background-repeat":"repeat","background-position":"center center","background-size":"auto","background-attachment":"scroll","background-type":"","background-media":"","overlay-type":"","overlay-color":"","overlay-opacity":"","overlay-gradient":""}},"footnotes":""},"class_list":["post-555","page","type-page","status-publish","hentry"],"_links":{"self":[{"href":"https:\/\/revistacifra.fhu.unse.edu.ar\/index.php\/wp-json\/wp\/v2\/pages\/555","targetHints":{"allow":["GET"]}}],"collection":[{"href":"https:\/\/revistacifra.fhu.unse.edu.ar\/index.php\/wp-json\/wp\/v2\/pages"}],"about":[{"href":"https:\/\/revistacifra.fhu.unse.edu.ar\/index.php\/wp-json\/wp\/v2\/types\/page"}],"author":[{"embeddable":true,"href":"https:\/\/revistacifra.fhu.unse.edu.ar\/index.php\/wp-json\/wp\/v2\/users\/3"}],"replies":[{"embeddable":true,"href":"https:\/\/revistacifra.fhu.unse.edu.ar\/index.php\/wp-json\/wp\/v2\/comments?post=555"}],"version-history":[{"count":33,"href":"https:\/\/revistacifra.fhu.unse.edu.ar\/index.php\/wp-json\/wp\/v2\/pages\/555\/revisions"}],"predecessor-version":[{"id":1193,"href":"https:\/\/revistacifra.fhu.unse.edu.ar\/index.php\/wp-json\/wp\/v2\/pages\/555\/revisions\/1193"}],"wp:attachment":[{"href":"https:\/\/revistacifra.fhu.unse.edu.ar\/index.php\/wp-json\/wp\/v2\/media?parent=555"}],"curies":[{"name":"wp","href":"https:\/\/api.w.org\/{rel}","templated":true}]}}