{"id":1826,"date":"2024-11-15T19:57:38","date_gmt":"2024-11-15T22:57:38","guid":{"rendered":"https:\/\/fhupiloto.unse.edu.ar\/?page_id=1826"},"modified":"2024-11-15T20:01:41","modified_gmt":"2024-11-15T23:01:41","slug":"cifra-n7","status":"publish","type":"page","link":"https:\/\/revistacifra.fhu.unse.edu.ar\/index.php\/cifra-n7\/","title":{"rendered":"Cifra N\u00b07"},"content":{"rendered":"\t\t<div data-elementor-type=\"wp-page\" data-elementor-id=\"1826\" class=\"elementor elementor-1826\" data-elementor-post-type=\"page\">\n\t\t\t\t\t\t<section class=\"elementor-section elementor-top-section elementor-element elementor-element-1133408 elementor-section-content-top elementor-section-boxed elementor-section-height-default elementor-section-height-default wpr-particle-no wpr-jarallax-no wpr-parallax-no wpr-sticky-section-no\" data-id=\"1133408\" data-element_type=\"section\" data-settings=\"{&quot;background_background&quot;:&quot;classic&quot;}\">\n\t\t\t\t\t\t<div class=\"elementor-container elementor-column-gap-no\">\n\t\t\t\t\t<div class=\"elementor-column elementor-col-100 elementor-top-column elementor-element elementor-element-e610a14\" data-id=\"e610a14\" data-element_type=\"column\">\n\t\t\t<div class=\"elementor-widget-wrap elementor-element-populated\">\n\t\t\t\t\t\t<div class=\"elementor-element elementor-element-74d4b90 elementor-widget__width-initial elementor-widget elementor-widget-elementskit-heading\" data-id=\"74d4b90\" data-element_type=\"widget\" data-widget_type=\"elementskit-heading.default\">\n\t\t\t\t<div class=\"elementor-widget-container\">\n\t\t\t<div class=\"ekit-wid-con\" ><div class=\"ekit-heading elementskit-section-title-wraper text_left   ekit_heading_tablet-   ekit_heading_mobile-\"><h2 class=\"ekit-heading--title elementskit-section-title \">Cifra N\u00b07<\/h2><div class=\"ekit_heading_separetor_wraper ekit_heading_elementskit-border-divider\"><div class=\"elementskit-border-divider\"><\/div><\/div>\t\t\t\t<div class='ekit-heading__description'>\n\t\t\t\t\t<p>2012 (Segunda \u00e9poca)<\/p>\n\t\t\t\t<\/div>\n\t\t\t<\/div><\/div>\t\t<\/div>\n\t\t\t\t<\/div>\n\t\t\t\t<div class=\"elementor-element elementor-element-7422b1c wpr-grid-columns-1 wpr-grid-pagination-left wpr-grid-columns--tablet2 wpr-grid-columns--mobile1 wpr-item-styles-inner elementor-widget elementor-widget-wpr-grid\" data-id=\"7422b1c\" data-element_type=\"widget\" data-widget_type=\"wpr-grid.default\">\n\t\t\t\t<div class=\"elementor-widget-container\">\n\t\t\t<ul class=\"wpr-grid-filters elementor-clearfix wpr-grid-filters-sep-right\"><li class=\" wpr-pointer-none wpr-pointer-line-fx wpr-pointer-fx-none\"><span data-filter=\"*\" class=\"wpr-active-filter \">Todos<\/span><em class=\"wpr-grid-filters-sep\"><\/em><\/li><li class=\" wpr-pointer-none wpr-pointer-line-fx wpr-pointer-fx-none\"><span  data-filter=\".category-cifra-n7\">Cifra N\u00b07<\/span><em class=\"wpr-grid-filters-sep\"><\/em><\/li><\/ul><section class=\"wpr-grid elementor-clearfix\" data-settings=\"{&quot;layout&quot;:&quot;list&quot;,&quot;stick_last_element_to_bottom&quot;:&quot;no&quot;,&quot;columns_desktop&quot;:&quot;1&quot;,&quot;gutter_hr&quot;:15,&quot;gutter_hr_mobile&quot;:15,&quot;gutter_hr_mobile_extra&quot;:15,&quot;gutter_hr_tablet&quot;:15,&quot;gutter_hr_tablet_extra&quot;:15,&quot;gutter_hr_laptop&quot;:15,&quot;gutter_hr_widescreen&quot;:15,&quot;gutter_vr&quot;:15,&quot;gutter_vr_mobile&quot;:15,&quot;gutter_vr_mobile_extra&quot;:15,&quot;gutter_vr_tablet&quot;:15,&quot;gutter_vr_tablet_extra&quot;:15,&quot;gutter_vr_laptop&quot;:15,&quot;gutter_vr_widescreen&quot;:15,&quot;animation&quot;:&quot;default&quot;,&quot;animation_duration&quot;:0.3,&quot;animation_delay&quot;:0.1,&quot;deeplinking&quot;:&quot;&quot;,&quot;filters_linkable&quot;:&quot;&quot;,&quot;filters_default_filter&quot;:&quot;&quot;,&quot;filters_count&quot;:&quot;&quot;,&quot;filters_hide_empty&quot;:&quot;&quot;,&quot;filters_animation&quot;:&quot;default&quot;,&quot;filters_animation_duration&quot;:0.3,&quot;filters_animation_delay&quot;:0.1,&quot;pagination_type&quot;:&quot;default&quot;,&quot;pagination_max_pages&quot;:1,&quot;media_align&quot;:&quot;left&quot;,&quot;media_width&quot;:31,&quot;media_distance&quot;:20,&quot;lightbox&quot;:{&quot;selector&quot;:&quot;.wpr-grid-image-wrap&quot;,&quot;iframeMaxWidth&quot;:&quot;60%&quot;,&quot;hash&quot;:false,&quot;autoplay&quot;:&quot;true&quot;,&quot;pause&quot;:5000,&quot;progressBar&quot;:&quot;true&quot;,&quot;counter&quot;:&quot;true&quot;,&quot;controls&quot;:&quot;true&quot;,&quot;getCaptionFromTitleOrAlt&quot;:&quot;true&quot;,&quot;thumbnail&quot;:&quot;&quot;,&quot;showThumbByDefault&quot;:&quot;&quot;,&quot;share&quot;:&quot;&quot;,&quot;zoom&quot;:&quot;true&quot;,&quot;fullScreen&quot;:&quot;true&quot;,&quot;download&quot;:&quot;true&quot;}}\"><article class=\"wpr-grid-item elementor-clearfix post-1820 post type-post status-publish format-standard hentry category-cifra-n7\"><div class=\"wpr-grid-item-inner\"><div class=\"wpr-grid-item-below-content elementor-clearfix\"><h2 class=\"wpr-grid-item-title elementor-repeater-item-6dae7ec wpr-grid-item-display-custom wpr-grid-item-align-left wpr-pointer-none wpr-pointer-line-fx wpr-pointer-fx-fade\"><div class=\"inner-block\"><a target=\"_self\"  href=\"https:\/\/revistacifra.fhu.unse.edu.ar\/index.php\/2012\/11\/15\/una-reflexion-etica-sobre-el-concepto-memoria-en-la-actualidad\/\">Una reflexi\u00f3n \u00e9tica sobre el concepto memoria en la actualidad.<\/a><\/div><\/h2><div class=\"wpr-grid-item-date elementor-repeater-item-3a624af wpr-grid-item-display-block wpr-grid-item-align-left\"><div class=\"inner-block\"><span>15 noviembre, 2012<span class=\"wpr-grid-extra-text-right\"><\/span><\/span><\/div><\/div><div class=\"wpr-grid-item-read-more elementor-repeater-item-388cbc6 wpr-grid-item-display-inline wpr-grid-item-align-left\"><div class=\"inner-block\"><a target=\"_self\" href=\"https:\/\/revistacifra.fhu.unse.edu.ar\/index.php\/2012\/11\/15\/una-reflexion-etica-sobre-el-concepto-memoria-en-la-actualidad\/\" class=\"wpr-button-effect wpr-button-none\"><span>Leer m\u00e1s<\/span><\/a><\/div><\/div><\/div><\/div><\/article><article class=\"wpr-grid-item elementor-clearfix post-1916 post type-post status-publish format-standard hentry category-cifra-n7 tag-cosmovision tag-neo-religiones tag-nucleo-duro tag-religion-del-monte tag-ritos-funebres\"><div class=\"wpr-grid-item-inner\"><div class=\"wpr-grid-item-below-content elementor-clearfix\"><h2 class=\"wpr-grid-item-title elementor-repeater-item-6dae7ec wpr-grid-item-display-custom wpr-grid-item-align-left wpr-pointer-none wpr-pointer-line-fx wpr-pointer-fx-fade\"><div class=\"inner-block\"><a target=\"_self\"  href=\"https:\/\/revistacifra.fhu.unse.edu.ar\/index.php\/2012\/10\/30\/cosmovision-sobre-la-muerte-en-las-nuevas-ofertas-religiosas-del-monte-en-santiago-del-estero\/\">Cosmovisi\u00f3n sobre la muerte en las nuevas ofertas religiosas del monte en Santiago del Estero.<\/a><\/div><\/h2><div class=\"wpr-grid-item-date elementor-repeater-item-3a624af wpr-grid-item-display-block wpr-grid-item-align-left\"><div class=\"inner-block\"><span>30 octubre, 2012<span class=\"wpr-grid-extra-text-right\"><\/span><\/span><\/div><\/div><div class=\"wpr-grid-item-read-more elementor-repeater-item-388cbc6 wpr-grid-item-display-inline wpr-grid-item-align-left\"><div class=\"inner-block\"><a target=\"_self\" href=\"https:\/\/revistacifra.fhu.unse.edu.ar\/index.php\/2012\/10\/30\/cosmovision-sobre-la-muerte-en-las-nuevas-ofertas-religiosas-del-monte-en-santiago-del-estero\/\" class=\"wpr-button-effect wpr-button-none\"><span>Leer m\u00e1s<\/span><\/a><\/div><\/div><\/div><\/div><\/article><article class=\"wpr-grid-item elementor-clearfix post-1923 post type-post status-publish format-standard hentry category-cifra-n7 tag-juventud tag-migraciones tag-perfil-sociodemografico tag-pobreza\"><div class=\"wpr-grid-item-inner\"><div class=\"wpr-grid-item-below-content elementor-clearfix\"><h2 class=\"wpr-grid-item-title elementor-repeater-item-6dae7ec wpr-grid-item-display-custom wpr-grid-item-align-left wpr-pointer-none wpr-pointer-line-fx wpr-pointer-fx-fade\"><div class=\"inner-block\"><a target=\"_self\"  href=\"https:\/\/revistacifra.fhu.unse.edu.ar\/index.php\/2012\/10\/29\/migraciones-de-ayer-y-de-hoy-en-santiago-del-estero-cursos-y-recursos-en-la-poblacion-joven-de-la-provincia\/\">Migraciones de ayer y de hoy en Santiago del Estero. Cursos y recursos en la poblaci\u00f3n joven de la provincia.<\/a><\/div><\/h2><div class=\"wpr-grid-item-date elementor-repeater-item-3a624af wpr-grid-item-display-block wpr-grid-item-align-left\"><div class=\"inner-block\"><span>29 octubre, 2012<span class=\"wpr-grid-extra-text-right\"><\/span><\/span><\/div><\/div><div class=\"wpr-grid-item-read-more elementor-repeater-item-388cbc6 wpr-grid-item-display-inline wpr-grid-item-align-left\"><div class=\"inner-block\"><a target=\"_self\" href=\"https:\/\/revistacifra.fhu.unse.edu.ar\/index.php\/2012\/10\/29\/migraciones-de-ayer-y-de-hoy-en-santiago-del-estero-cursos-y-recursos-en-la-poblacion-joven-de-la-provincia\/\" class=\"wpr-button-effect wpr-button-none\"><span>Leer m\u00e1s<\/span><\/a><\/div><\/div><\/div><\/div><\/article><article class=\"wpr-grid-item elementor-clearfix post-1928 post type-post status-publish format-standard hentry category-cifra-n7 tag-genero tag-literatura tag-santiago-del-estero tag-terror\"><div class=\"wpr-grid-item-inner\"><div class=\"wpr-grid-item-below-content elementor-clearfix\"><h2 class=\"wpr-grid-item-title elementor-repeater-item-6dae7ec wpr-grid-item-display-custom wpr-grid-item-align-left wpr-pointer-none wpr-pointer-line-fx wpr-pointer-fx-fade\"><div class=\"inner-block\"><a target=\"_self\"  href=\"https:\/\/revistacifra.fhu.unse.edu.ar\/index.php\/2012\/10\/01\/diana-belaustegui-el-genero-del-terror-en-santiago-del-estero\/\">Diana Bel\u00e1ustegui: El g\u00e9nero del terror en Santiago del Estero.<\/a><\/div><\/h2><div class=\"wpr-grid-item-date elementor-repeater-item-3a624af wpr-grid-item-display-block wpr-grid-item-align-left\"><div class=\"inner-block\"><span>1 octubre, 2012<span class=\"wpr-grid-extra-text-right\"><\/span><\/span><\/div><\/div><div class=\"wpr-grid-item-read-more elementor-repeater-item-388cbc6 wpr-grid-item-display-inline wpr-grid-item-align-left\"><div class=\"inner-block\"><a target=\"_self\" href=\"https:\/\/revistacifra.fhu.unse.edu.ar\/index.php\/2012\/10\/01\/diana-belaustegui-el-genero-del-terror-en-santiago-del-estero\/\" class=\"wpr-button-effect wpr-button-none\"><span>Leer m\u00e1s<\/span><\/a><\/div><\/div><\/div><\/div><\/article><article class=\"wpr-grid-item elementor-clearfix post-1930 post type-post status-publish format-standard hentry category-cifra-n7 tag-agronegocios tag-contratos-tipo-calidad-agroalimentaria tag-integracion-vertical\"><div class=\"wpr-grid-item-inner\"><div class=\"wpr-grid-item-below-content elementor-clearfix\"><h2 class=\"wpr-grid-item-title elementor-repeater-item-6dae7ec wpr-grid-item-display-custom wpr-grid-item-align-left wpr-pointer-none wpr-pointer-line-fx wpr-pointer-fx-fade\"><div class=\"inner-block\"><a target=\"_self\"  href=\"https:\/\/revistacifra.fhu.unse.edu.ar\/index.php\/2012\/09\/30\/integracion-vertical-para-los-agronegocios\/\">Integraci\u00f3n vertical para los agronegocios.<\/a><\/div><\/h2><div class=\"wpr-grid-item-date elementor-repeater-item-3a624af wpr-grid-item-display-block wpr-grid-item-align-left\"><div class=\"inner-block\"><span>30 septiembre, 2012<span class=\"wpr-grid-extra-text-right\"><\/span><\/span><\/div><\/div><div class=\"wpr-grid-item-read-more elementor-repeater-item-388cbc6 wpr-grid-item-display-inline wpr-grid-item-align-left\"><div class=\"inner-block\"><a target=\"_self\" href=\"https:\/\/revistacifra.fhu.unse.edu.ar\/index.php\/2012\/09\/30\/integracion-vertical-para-los-agronegocios\/\" class=\"wpr-button-effect wpr-button-none\"><span>Leer m\u00e1s<\/span><\/a><\/div><\/div><\/div><\/div><\/article><article class=\"wpr-grid-item elementor-clearfix post-1932 post type-post status-publish format-standard hentry category-cifra-n7 tag-grupos-de-interes-de-las-empresas tag-responsabilidad-social-empresaria tag-responsabilidades-organizacionales\"><div class=\"wpr-grid-item-inner\"><div class=\"wpr-grid-item-below-content elementor-clearfix\"><h2 class=\"wpr-grid-item-title elementor-repeater-item-6dae7ec wpr-grid-item-display-custom wpr-grid-item-align-left wpr-pointer-none wpr-pointer-line-fx wpr-pointer-fx-fade\"><div class=\"inner-block\"><a target=\"_self\"  href=\"https:\/\/revistacifra.fhu.unse.edu.ar\/index.php\/2012\/09\/29\/la-responsabilidad-social-de-las-empresas-origenes-aproximaciones-conceptuales-y-estrategias\/\">La responsabilidad social de las empresas: or\u00edgenes, aproximaciones conceptuales y estrategias.<\/a><\/div><\/h2><div class=\"wpr-grid-item-date elementor-repeater-item-3a624af wpr-grid-item-display-block wpr-grid-item-align-left\"><div class=\"inner-block\"><span>29 septiembre, 2012<span class=\"wpr-grid-extra-text-right\"><\/span><\/span><\/div><\/div><div class=\"wpr-grid-item-read-more elementor-repeater-item-388cbc6 wpr-grid-item-display-inline wpr-grid-item-align-left\"><div class=\"inner-block\"><a target=\"_self\" href=\"https:\/\/revistacifra.fhu.unse.edu.ar\/index.php\/2012\/09\/29\/la-responsabilidad-social-de-las-empresas-origenes-aproximaciones-conceptuales-y-estrategias\/\" class=\"wpr-button-effect wpr-button-none\"><span>Leer m\u00e1s<\/span><\/a><\/div><\/div><\/div><\/div><\/article><article class=\"wpr-grid-item elementor-clearfix post-1934 post type-post status-publish format-standard hentry category-cifra-n7 tag-economia tag-empresa tag-historia tag-interdisciplinariedad\"><div class=\"wpr-grid-item-inner\"><div class=\"wpr-grid-item-below-content elementor-clearfix\"><h2 class=\"wpr-grid-item-title elementor-repeater-item-6dae7ec wpr-grid-item-display-custom wpr-grid-item-align-left wpr-pointer-none wpr-pointer-line-fx wpr-pointer-fx-fade\"><div class=\"inner-block\"><a target=\"_self\"  href=\"https:\/\/revistacifra.fhu.unse.edu.ar\/index.php\/2012\/09\/28\/algunos-argumentos-a-favor-de-la-interdisciplinariedad-entre-la-economia-y-la-historia-de-empresas\/\">Algunos argumentos a favor de la interdisciplinariedad entre la Econom\u00eda y la Historia de Empresas.<\/a><\/div><\/h2><div class=\"wpr-grid-item-date elementor-repeater-item-3a624af wpr-grid-item-display-block wpr-grid-item-align-left\"><div class=\"inner-block\"><span>28 septiembre, 2012<span class=\"wpr-grid-extra-text-right\"><\/span><\/span><\/div><\/div><div class=\"wpr-grid-item-read-more elementor-repeater-item-388cbc6 wpr-grid-item-display-inline wpr-grid-item-align-left\"><div class=\"inner-block\"><a target=\"_self\" href=\"https:\/\/revistacifra.fhu.unse.edu.ar\/index.php\/2012\/09\/28\/algunos-argumentos-a-favor-de-la-interdisciplinariedad-entre-la-economia-y-la-historia-de-empresas\/\" class=\"wpr-button-effect wpr-button-none\"><span>Leer m\u00e1s<\/span><\/a><\/div><\/div><\/div><\/div><\/article><\/section>\t\t<\/div>\n\t\t\t\t<\/div>\n\t\t\t\t\t<\/div>\n\t\t<\/div>\n\t\t\t\t\t<\/div>\n\t\t<\/section>\n\t\t\t\t<\/div>\n\t\t","protected":false},"excerpt":{"rendered":"<p>Cifra N\u00b07 2012 (Segunda \u00e9poca) Todos Cifra N\u00b07 Una reflexi\u00f3n \u00e9tica sobre el concepto memoria en la actualidad. 15 noviembre, 2012Leer m\u00e1s<\/p>\n","protected":false},"author":10,"featured_media":0,"parent":0,"menu_order":0,"comment_status":"closed","ping_status":"closed","template":"","meta":{"_eb_attr":"","site-sidebar-layout":"no-sidebar","site-content-layout":"page-builder","ast-site-content-layout":"full-width-container","site-content-style":"default","site-sidebar-style":"default","ast-global-header-display":"","ast-banner-title-visibility":"","ast-main-header-display":"","ast-hfb-above-header-display":"","ast-hfb-below-header-display":"","ast-hfb-mobile-header-display":"","site-post-title":"disabled","ast-breadcrumbs-content":"","ast-featured-img":"disabled","footer-sml-layout":"","theme-transparent-header-meta":"","adv-header-id-meta":"","stick-header-meta":"","header-above-stick-meta":"","header-main-stick-meta":"","header-below-stick-meta":"","astra-migrate-meta-layouts":"set","ast-page-background-enabled":"default","ast-page-background-meta":{"desktop":{"background-color":"var(--ast-global-color-4)","background-image":"","background-repeat":"repeat","background-position":"center center","background-size":"auto","background-attachment":"scroll","background-type":"","background-media":"","overlay-type":"","overlay-color":"","overlay-opacity":"","overlay-gradient":""},"tablet":{"background-color":"","background-image":"","background-repeat":"repeat","background-position":"center center","background-size":"auto","background-attachment":"scroll","background-type":"","background-media":"","overlay-type":"","overlay-color":"","overlay-opacity":"","overlay-gradient":""},"mobile":{"background-color":"","background-image":"","background-repeat":"repeat","background-position":"center center","background-size":"auto","background-attachment":"scroll","background-type":"","background-media":"","overlay-type":"","overlay-color":"","overlay-opacity":"","overlay-gradient":""}},"ast-content-background-meta":{"desktop":{"background-color":"var(--ast-global-color-5)","background-image":"","background-repeat":"repeat","background-position":"center center","background-size":"auto","background-attachment":"scroll","background-type":"","background-media":"","overlay-type":"","overlay-color":"","overlay-opacity":"","overlay-gradient":""},"tablet":{"background-color":"var(--ast-global-color-5)","background-image":"","background-repeat":"repeat","background-position":"center center","background-size":"auto","background-attachment":"scroll","background-type":"","background-media":"","overlay-type":"","overlay-color":"","overlay-opacity":"","overlay-gradient":""},"mobile":{"background-color":"var(--ast-global-color-5)","background-image":"","background-repeat":"repeat","background-position":"center center","background-size":"auto","background-attachment":"scroll","background-type":"","background-media":"","overlay-type":"","overlay-color":"","overlay-opacity":"","overlay-gradient":""}},"footnotes":""},"class_list":["post-1826","page","type-page","status-publish","hentry"],"_links":{"self":[{"href":"https:\/\/revistacifra.fhu.unse.edu.ar\/index.php\/wp-json\/wp\/v2\/pages\/1826","targetHints":{"allow":["GET"]}}],"collection":[{"href":"https:\/\/revistacifra.fhu.unse.edu.ar\/index.php\/wp-json\/wp\/v2\/pages"}],"about":[{"href":"https:\/\/revistacifra.fhu.unse.edu.ar\/index.php\/wp-json\/wp\/v2\/types\/page"}],"author":[{"embeddable":true,"href":"https:\/\/revistacifra.fhu.unse.edu.ar\/index.php\/wp-json\/wp\/v2\/users\/10"}],"replies":[{"embeddable":true,"href":"https:\/\/revistacifra.fhu.unse.edu.ar\/index.php\/wp-json\/wp\/v2\/comments?post=1826"}],"version-history":[{"count":4,"href":"https:\/\/revistacifra.fhu.unse.edu.ar\/index.php\/wp-json\/wp\/v2\/pages\/1826\/revisions"}],"predecessor-version":[{"id":1842,"href":"https:\/\/revistacifra.fhu.unse.edu.ar\/index.php\/wp-json\/wp\/v2\/pages\/1826\/revisions\/1842"}],"wp:attachment":[{"href":"https:\/\/revistacifra.fhu.unse.edu.ar\/index.php\/wp-json\/wp\/v2\/media?parent=1826"}],"curies":[{"name":"wp","href":"https:\/\/api.w.org\/{rel}","templated":true}]}}