{"id":1202,"date":"2024-09-16T10:52:55","date_gmt":"2024-09-16T13:52:55","guid":{"rendered":"https:\/\/fhupiloto.unse.edu.ar\/?page_id=1202"},"modified":"2024-09-16T11:49:40","modified_gmt":"2024-09-16T14:49:40","slug":"declaracion-de-politica-de-acceso-abierto","status":"publish","type":"page","link":"https:\/\/revistacifra.fhu.unse.edu.ar\/index.php\/declaracion-de-politica-de-acceso-abierto\/","title":{"rendered":"Declaraci\u00f3n de pol\u00edtica de acceso abierto"},"content":{"rendered":"\t\t<div data-elementor-type=\"wp-page\" data-elementor-id=\"1202\" class=\"elementor elementor-1202\" data-elementor-post-type=\"page\">\n\t\t\t\t\t\t<section class=\"elementor-section elementor-top-section elementor-element elementor-element-7afb2b1 elementor-section-boxed elementor-section-height-default elementor-section-height-default wpr-particle-no wpr-jarallax-no wpr-parallax-no wpr-sticky-section-no\" data-id=\"7afb2b1\" data-element_type=\"section\">\n\t\t\t\t\t\t<div class=\"elementor-container elementor-column-gap-default\">\n\t\t\t\t\t<div class=\"elementor-column elementor-col-100 elementor-top-column elementor-element elementor-element-6bd7a54\" data-id=\"6bd7a54\" data-element_type=\"column\">\n\t\t\t<div class=\"elementor-widget-wrap elementor-element-populated\">\n\t\t\t\t\t\t<div class=\"elementor-element elementor-element-447f36a elementor-widget elementor-widget-spacer\" data-id=\"447f36a\" data-element_type=\"widget\" data-widget_type=\"spacer.default\">\n\t\t\t\t<div class=\"elementor-widget-container\">\n\t\t\t<style>\/*! elementor - v3.23.0 - 05-08-2024 *\/\n.elementor-column .elementor-spacer-inner{height:var(--spacer-size)}.e-con{--container-widget-width:100%}.e-con-inner>.elementor-widget-spacer,.e-con>.elementor-widget-spacer{width:var(--container-widget-width,var(--spacer-size));--align-self:var(--container-widget-align-self,initial);--flex-shrink:0}.e-con-inner>.elementor-widget-spacer>.elementor-widget-container,.e-con>.elementor-widget-spacer>.elementor-widget-container{height:100%;width:100%}.e-con-inner>.elementor-widget-spacer>.elementor-widget-container>.elementor-spacer,.e-con>.elementor-widget-spacer>.elementor-widget-container>.elementor-spacer{height:100%}.e-con-inner>.elementor-widget-spacer>.elementor-widget-container>.elementor-spacer>.elementor-spacer-inner,.e-con>.elementor-widget-spacer>.elementor-widget-container>.elementor-spacer>.elementor-spacer-inner{height:var(--container-widget-height,var(--spacer-size))}.e-con-inner>.elementor-widget-spacer.elementor-widget-empty,.e-con>.elementor-widget-spacer.elementor-widget-empty{position:relative;min-height:22px;min-width:22px}.e-con-inner>.elementor-widget-spacer.elementor-widget-empty .elementor-widget-empty-icon,.e-con>.elementor-widget-spacer.elementor-widget-empty .elementor-widget-empty-icon{position:absolute;top:0;bottom:0;left:0;right:0;margin:auto;padding:0;width:22px;height:22px}<\/style>\t\t<div class=\"elementor-spacer\">\n\t\t\t<div class=\"elementor-spacer-inner\"><\/div>\n\t\t<\/div>\n\t\t\t\t<\/div>\n\t\t\t\t<\/div>\n\t\t\t\t<div class=\"elementor-element elementor-element-bb274d2 elementor-widget__width-initial elementor-widget elementor-widget-elementskit-heading\" data-id=\"bb274d2\" data-element_type=\"widget\" data-widget_type=\"elementskit-heading.default\">\n\t\t\t\t<div class=\"elementor-widget-container\">\n\t\t\t<div class=\"ekit-wid-con\" ><div class=\"ekit-heading elementskit-section-title-wraper text_left   ekit_heading_tablet-   ekit_heading_mobile-\"><h1 class=\"ekit-heading--title elementskit-section-title \">Declaraci\u00f3n de pol\u00edtica de acceso abierto<\/h1><div class=\"ekit_heading_separetor_wraper ekit_heading_elementskit-border-divider\"><div class=\"elementskit-border-divider\"><\/div><\/div>\t\t\t\t<div class='ekit-heading__description'>\n\t\t\t\t\t<p><b><i>C<\/i><\/b><i><span style=\"font-weight: 400\">ifra <\/span><\/i><span style=\"font-weight: 400\">se declara revista de acceso abierto, lo que implica que las comunicaciones cient\u00edficas que publica, revisadas por pares, estar\u00e1n disponibles en Internet, de manera gratuita e inmediata y sin restricciones. En este sentido, <\/span><b><i>C<\/i><\/b><i><span style=\"font-weight: 400\">ifra <\/span><\/i><span style=\"font-weight: 400\">se adhiere al esp\u00edritu de igualdad que promueve la declaraci\u00f3n de Budapest para el acceso abierto (BOAT) a la literatura cient\u00edfica, a los fines de que cualquier usuario pueda leerla, descargarla, copiarla, distribuirla, imprimirla, buscarla o usarla siempre con prop\u00f3sitos legales, sin m\u00e1s barreras que las que se desprenden del acceso a Internet o del derecho de los autores a ser reconocidos y citados.<\/span><\/p>\n<p>\u00a0<\/p>\n<p><b><i>C<\/i><\/b><i><span style=\"font-weight: 400\">ifra <\/span><\/i><span style=\"font-weight: 400\">no cobra cargo alguno a los autores por la publicaci\u00f3n de sus contribuciones en la revista.<\/span><\/p>\n\t\t\t\t<\/div>\n\t\t\t<\/div><\/div>\t\t<\/div>\n\t\t\t\t<\/div>\n\t\t\t\t\t<\/div>\n\t\t<\/div>\n\t\t\t\t\t<\/div>\n\t\t<\/section>\n\t\t\t\t<\/div>\n\t\t","protected":false},"excerpt":{"rendered":"<p>Declaraci\u00f3n de pol\u00edtica de acceso abierto Cifra se declara revista de acceso abierto, lo que implica que las comunicaciones cient\u00edficas que publica, revisadas por pares, estar\u00e1n disponibles en Internet, de manera gratuita e inmediata y sin restricciones. En este sentido, Cifra se adhiere al esp\u00edritu de igualdad que promueve la declaraci\u00f3n de Budapest para el acceso abierto (BOAT) a la literatura cient\u00edfica, a los fines de que cualquier usuario pueda leerla, descargarla, copiarla, distribuirla, imprimirla, buscarla o usarla siempre con prop\u00f3sitos legales, sin m\u00e1s barreras que las que se desprenden del acceso a Internet o del derecho de los autores a ser reconocidos y citados. \u00a0 Cifra no cobra cargo alguno a los autores por la publicaci\u00f3n de sus contribuciones en la revista.<\/p>\n","protected":false},"author":3,"featured_media":0,"parent":0,"menu_order":0,"comment_status":"closed","ping_status":"closed","template":"","meta":{"_eb_attr":"","site-sidebar-layout":"no-sidebar","site-content-layout":"page-builder","ast-site-content-layout":"full-width-container","site-content-style":"default","site-sidebar-style":"default","ast-global-header-display":"","ast-banner-title-visibility":"","ast-main-header-display":"","ast-hfb-above-header-display":"","ast-hfb-below-header-display":"","ast-hfb-mobile-header-display":"","site-post-title":"disabled","ast-breadcrumbs-content":"","ast-featured-img":"disabled","footer-sml-layout":"","theme-transparent-header-meta":"","adv-header-id-meta":"","stick-header-meta":"","header-above-stick-meta":"","header-main-stick-meta":"","header-below-stick-meta":"","astra-migrate-meta-layouts":"set","ast-page-background-enabled":"default","ast-page-background-meta":{"desktop":{"background-color":"var(--ast-global-color-4)","background-image":"","background-repeat":"repeat","background-position":"center center","background-size":"auto","background-attachment":"scroll","background-type":"","background-media":"","overlay-type":"","overlay-color":"","overlay-opacity":"","overlay-gradient":""},"tablet":{"background-color":"","background-image":"","background-repeat":"repeat","background-position":"center center","background-size":"auto","background-attachment":"scroll","background-type":"","background-media":"","overlay-type":"","overlay-color":"","overlay-opacity":"","overlay-gradient":""},"mobile":{"background-color":"","background-image":"","background-repeat":"repeat","background-position":"center center","background-size":"auto","background-attachment":"scroll","background-type":"","background-media":"","overlay-type":"","overlay-color":"","overlay-opacity":"","overlay-gradient":""}},"ast-content-background-meta":{"desktop":{"background-color":"var(--ast-global-color-5)","background-image":"","background-repeat":"repeat","background-position":"center center","background-size":"auto","background-attachment":"scroll","background-type":"","background-media":"","overlay-type":"","overlay-color":"","overlay-opacity":"","overlay-gradient":""},"tablet":{"background-color":"var(--ast-global-color-5)","background-image":"","background-repeat":"repeat","background-position":"center center","background-size":"auto","background-attachment":"scroll","background-type":"","background-media":"","overlay-type":"","overlay-color":"","overlay-opacity":"","overlay-gradient":""},"mobile":{"background-color":"var(--ast-global-color-5)","background-image":"","background-repeat":"repeat","background-position":"center center","background-size":"auto","background-attachment":"scroll","background-type":"","background-media":"","overlay-type":"","overlay-color":"","overlay-opacity":"","overlay-gradient":""}},"footnotes":""},"class_list":["post-1202","page","type-page","status-publish","hentry"],"_links":{"self":[{"href":"https:\/\/revistacifra.fhu.unse.edu.ar\/index.php\/wp-json\/wp\/v2\/pages\/1202","targetHints":{"allow":["GET"]}}],"collection":[{"href":"https:\/\/revistacifra.fhu.unse.edu.ar\/index.php\/wp-json\/wp\/v2\/pages"}],"about":[{"href":"https:\/\/revistacifra.fhu.unse.edu.ar\/index.php\/wp-json\/wp\/v2\/types\/page"}],"author":[{"embeddable":true,"href":"https:\/\/revistacifra.fhu.unse.edu.ar\/index.php\/wp-json\/wp\/v2\/users\/3"}],"replies":[{"embeddable":true,"href":"https:\/\/revistacifra.fhu.unse.edu.ar\/index.php\/wp-json\/wp\/v2\/comments?post=1202"}],"version-history":[{"count":7,"href":"https:\/\/revistacifra.fhu.unse.edu.ar\/index.php\/wp-json\/wp\/v2\/pages\/1202\/revisions"}],"predecessor-version":[{"id":1256,"href":"https:\/\/revistacifra.fhu.unse.edu.ar\/index.php\/wp-json\/wp\/v2\/pages\/1202\/revisions\/1256"}],"wp:attachment":[{"href":"https:\/\/revistacifra.fhu.unse.edu.ar\/index.php\/wp-json\/wp\/v2\/media?parent=1202"}],"curies":[{"name":"wp","href":"https:\/\/api.w.org\/{rel}","templated":true}]}}